{"id":30,"date":"2019-04-22T13:44:47","date_gmt":"2019-04-22T13:44:47","guid":{"rendered":"https:\/\/www.domainregistration.eu\/?page_id=30"},"modified":"2019-05-07T17:00:30","modified_gmt":"2019-05-07T17:00:30","slug":"herzlich-willkommen","status":"publish","type":"page","link":"https:\/\/www.domainregistration.eu\/","title":{"rendered":"Domains bei Frankcom"},"content":{"rendered":"\n<p><\/p>\n\n\n<p>Diese Webseite von Frankcom dient ausschlie\u00dflich dazu, die <strong>Verkaufsabwicklung f\u00fcr von uns angebotenen Domains<\/strong> zu gew\u00e4hrleisten.<\/p>\n<p>Bitte beachten Sie, dass sich diese Seite im Aufbau befindet und etwaige Informationen wie <a href=\"https:\/\/www.domainregistration.eu\/?page_id=52\">AGB<\/a>, <a href=\"https:\/\/www.domainregistration.eu\/?page_id=50\">Datenschutz<\/a>, <a href=\"https:\/\/www.domainregistration.eu\/?page_id=51\">Impressum<\/a> aktuell noch \u00c4nderungen und Anpassungen unterworfen sein k\u00f6nnen.<\/p>\n<p>Frank Heilmann<br>Frankcom IT Service<br>Eichenring 3<br>94060 Pocking<br>Deutschland<br>\nTelefon: 08538 \/ 9129900<br>Email: service@frankcom.eu<\/p>","protected":false},"excerpt":{"rendered":"<p>Diese Webseite von Frankcom dient ausschlie\u00dflich dazu, die Verkaufsabwicklung f\u00fcr von uns angebotenen Domains zu gew\u00e4hrleisten. Bitte beachten Sie, dass sich diese Seite im Aufbau befindet und etwaige Informationen wie AGB, Datenschutz, Impressum aktuell noch \u00c4nderungen und Anpassungen unterworfen sein k\u00f6nnen. Frank HeilmannFrankcom IT ServiceEichenring 394060 PockingDeutschland Telefon: 08538 \/ 9129900Email: service@frankcom.eu<\/p>\n","protected":false},"author":1,"featured_media":0,"parent":0,"menu_order":0,"comment_status":"closed","ping_status":"closed","template":"","meta":{"jetpack_post_was_ever_published":false},"jetpack_sharing_enabled":true,"jetpack_shortlink":"https:\/\/wp.me\/PaUVtn-u","_links":{"self":[{"href":"https:\/\/www.domainregistration.eu\/index.php?rest_route=\/wp\/v2\/pages\/30"}],"collection":[{"href":"https:\/\/www.domainregistration.eu\/index.php?rest_route=\/wp\/v2\/pages"}],"about":[{"href":"https:\/\/www.domainregistration.eu\/index.php?rest_route=\/wp\/v2\/types\/page"}],"author":[{"embeddable":true,"href":"https:\/\/www.domainregistration.eu\/index.php?rest_route=\/wp\/v2\/users\/1"}],"replies":[{"embeddable":true,"href":"https:\/\/www.domainregistration.eu\/index.php?rest_route=%2Fwp%2Fv2%2Fcomments&post=30"}],"version-history":[{"count":19,"href":"https:\/\/www.domainregistration.eu\/index.php?rest_route=\/wp\/v2\/pages\/30\/revisions"}],"predecessor-version":[{"id":158,"href":"https:\/\/www.domainregistration.eu\/index.php?rest_route=\/wp\/v2\/pages\/30\/revisions\/158"}],"wp:attachment":[{"href":"https:\/\/www.domainregistration.eu\/index.php?rest_route=%2Fwp%2Fv2%2Fmedia&parent=30"}],"curies":[{"name":"wp","href":"https:\/\/api.w.org\/{rel}","templated":true}]}}